{"id":1536,"date":"2021-01-19T14:32:09","date_gmt":"2021-01-19T14:32:09","guid":{"rendered":"https:\/\/maia.by.nikola-djordjevic.com\/?post_type=product&#038;p=1536"},"modified":"2024-03-13T14:11:40","modified_gmt":"2024-03-13T14:11:40","slug":"milan-navy-blue-silk-kimono","status":"publish","type":"product","link":"https:\/\/maia.rs\/sr\/\u043f\u0440\u043e\u0438\u0437\u0432\u043e\u0434\/milan-navy-blue-silk-kimono\/","title":{"rendered":"Milan Navy Blue svileni kimono"},"content":{"rendered":"<p>Svi MAIA proizvodi napravljeni su po principu slow fashion: od nakvalitetnije, 100% svile, koja je ru\u010dno \u0161ivena tako da savr\u0161eno prati liniju va\u0161eg tela. Kada su donji delovi u pitanju, samo radi lep\u0161eg dr\u017eanja na kukovima, dodat je mali procenat elastina.<\/p>\n<p>MAIA nastaje polako, da bi vam trajala \u0161to du\u017ee.<\/p>","protected":false},"excerpt":{"rendered":"<p>All MAIA products are made by the slow fashion principle: from 100%\u00a0 highest quality silk, sawn by hand so it follows the line of your body with perfection. When it comes to garments worn around the waist, they consist of a small percentage of elastane, so they can lay better on your hips. MAIA is [&hellip;]<\/p>","protected":false},"featured_media":1541,"comment_status":"open","ping_status":"closed","template":"","meta":{"ocean_post_layout":"","ocean_both_sidebars_style":"","ocean_both_sidebars_content_width":0,"ocean_both_sidebars_sidebars_width":0,"ocean_sidebar":"0","ocean_second_sidebar":"0","ocean_disable_margins":"enable","ocean_add_body_class":"","ocean_shortcode_before_top_bar":"","ocean_shortcode_after_top_bar":"","ocean_shortcode_before_header":"","ocean_shortcode_after_header":"","ocean_has_shortcode":"","ocean_shortcode_after_title":"","ocean_shortcode_before_footer_widgets":"","ocean_shortcode_after_footer_widgets":"","ocean_shortcode_before_footer_bottom":"","ocean_shortcode_after_footer_bottom":"","ocean_display_top_bar":"default","ocean_display_header":"default","ocean_header_style":"","ocean_center_header_left_menu":"0","ocean_custom_header_template":"0","ocean_custom_logo":0,"ocean_custom_retina_logo":0,"ocean_custom_logo_max_width":0,"ocean_custom_logo_tablet_max_width":0,"ocean_custom_logo_mobile_max_width":0,"ocean_custom_logo_max_height":0,"ocean_custom_logo_tablet_max_height":0,"ocean_custom_logo_mobile_max_height":0,"ocean_header_custom_menu":"0","ocean_menu_typo_font_family":"0","ocean_menu_typo_font_subset":"","ocean_menu_typo_font_size":0,"ocean_menu_typo_font_size_tablet":0,"ocean_menu_typo_font_size_mobile":0,"ocean_menu_typo_font_size_unit":"px","ocean_menu_typo_font_weight":"","ocean_menu_typo_font_weight_tablet":"","ocean_menu_typo_font_weight_mobile":"","ocean_menu_typo_transform":"","ocean_menu_typo_transform_tablet":"","ocean_menu_typo_transform_mobile":"","ocean_menu_typo_line_height":0,"ocean_menu_typo_line_height_tablet":0,"ocean_menu_typo_line_height_mobile":0,"ocean_menu_typo_line_height_unit":"","ocean_menu_typo_spacing":0,"ocean_menu_typo_spacing_tablet":0,"ocean_menu_typo_spacing_mobile":0,"ocean_menu_typo_spacing_unit":"","ocean_menu_link_color":"","ocean_menu_link_color_hover":"","ocean_menu_link_color_active":"","ocean_menu_link_background":"","ocean_menu_link_hover_background":"","ocean_menu_link_active_background":"","ocean_menu_social_links_bg":"","ocean_menu_social_hover_links_bg":"","ocean_menu_social_links_color":"","ocean_menu_social_hover_links_color":"","ocean_disable_title":"default","ocean_disable_heading":"default","ocean_post_title":"","ocean_post_subheading":"","ocean_post_title_style":"","ocean_post_title_background_color":"","ocean_post_title_background":0,"ocean_post_title_bg_image_position":"","ocean_post_title_bg_image_attachment":"","ocean_post_title_bg_image_repeat":"","ocean_post_title_bg_image_size":"","ocean_post_title_height":0,"ocean_post_title_bg_overlay":0.5,"ocean_post_title_bg_overlay_color":"","ocean_disable_breadcrumbs":"default","ocean_breadcrumbs_color":"","ocean_breadcrumbs_separator_color":"","ocean_breadcrumbs_links_color":"","ocean_breadcrumbs_links_hover_color":"","ocean_display_footer_widgets":"default","ocean_display_footer_bottom":"default","ocean_custom_footer_template":"0"},"product_cat":[61,62],"product_tag":[],"class_list":{"0":"post-1536","1":"product","2":"type-product","3":"status-publish","4":"has-post-thumbnail","5":"hentry","6":"product_cat-homedress","7":"product_cat-ready-to-wear","9":"entry","10":"has-media","11":"rtwpvs-product","12":"owp-thumbs-layout-vertical","13":"owp-btn-normal","14":"owp-tabs-layout-horizontal","15":"has-product-nav","16":"circle-sale"},"_links":{"self":[{"href":"https:\/\/maia.rs\/sr\/wp-json\/wp\/v2\/product\/1536"}],"collection":[{"href":"https:\/\/maia.rs\/sr\/wp-json\/wp\/v2\/product"}],"about":[{"href":"https:\/\/maia.rs\/sr\/wp-json\/wp\/v2\/types\/product"}],"replies":[{"embeddable":true,"href":"https:\/\/maia.rs\/sr\/wp-json\/wp\/v2\/comments?post=1536"}],"wp:featuredmedia":[{"embeddable":true,"href":"https:\/\/maia.rs\/sr\/wp-json\/wp\/v2\/media\/1541"}],"wp:attachment":[{"href":"https:\/\/maia.rs\/sr\/wp-json\/wp\/v2\/media?parent=1536"}],"wp:term":[{"taxonomy":"product_cat","embeddable":true,"href":"https:\/\/maia.rs\/sr\/wp-json\/wp\/v2\/product_cat?post=1536"},{"taxonomy":"product_tag","embeddable":true,"href":"https:\/\/maia.rs\/sr\/wp-json\/wp\/v2\/product_tag?post=1536"}],"curies":[{"name":"wp","href":"https:\/\/api.w.org\/{rel}","templated":true}]}}